{"id":7712,"date":"2023-12-28T23:23:12","date_gmt":"2023-12-28T22:23:12","guid":{"rendered":"https:\/\/viennaexcursion.at\/?page_id=7712"},"modified":"2023-12-30T13:31:55","modified_gmt":"2023-12-30T12:31:55","slug":"datenschutzerklarung","status":"publish","type":"page","link":"https:\/\/viennaexcursion.at\/ua\/datenschutzerklarung\/","title":{"rendered":"Datenschutzerkl\u00e4rung"},"content":{"rendered":"<div class=\"wpb-content-wrapper\"><p>[vc_row][vc_column][vc_column_text]<\/p>\r\n<h2 class=\"paragraph_style_1\"><strong>Datenschutzerkl\u00e4rung<\/strong><\/h2>\r\n<p class=\"paragraph_style_1\">Der Schutz Ihrer pers\u00f6nlichen Daten ist uns ein besonderes Anliegen. Wir verarbeiten Ihre Daten daher ausschlie\u00dflich auf Grundlage der gesetzlichen Bestimmungen (DSGVO, TKG 2003). In diesen Datenschutzinformationen informieren wir Sie u\u0308ber die wichtigsten Aspekte der Datenverarbeitung im Rahmen unserer Website.<\/p>\r\n<p class=\"paragraph_style_1\"><strong>Kontakt mit uns<\/strong><\/p>\r\n<p class=\"paragraph_style_1\">Wenn Sie per Formular auf der Website oder per E-Mail Kontakt mit uns aufnehmen, werden Ihre angegebenen Daten zwecks Bearbeitung der Anfrage und fu\u0308r den Fall von Anschlussfragen sechs Monate bei uns gespeichert. Diese Daten geben wir nicht ohne Ihre Einwilligung weiter.<\/p>\r\n<p class=\"paragraph_style_1\"><strong>Datenspeicherung<\/strong><\/p>\r\n<p class=\"paragraph_style_1\">Wir weisen darauf hin, dass zum Zweck des einfacheren Einkaufsvorganges und zur sp\u00e4teren Vertragsabwicklung vom Webshop-Betreiber im Rahmen von Cookies die IP-Daten des Anschlussinhabers gespeichert werden, ebenso wie Name, Anschrift und Kreditkartennummer, sowie weitere f\u00fcr die Kaufabwicklung relevanten Daten des K\u00e4ufers. Daru\u0308ber hinaus werden zum Zweck der Vertragsabwicklung f\u00fcr Transfer und\/oder Fremdenf\u00fchrung folgende Daten auch bei uns gespeichert: Flugnummer, Ankunft-, Abflugdatum, Name, Telefon, Email. Die von Ihnen bereit gestellten Daten sind zur Vertragserfu\u0308llung bzw zur Durchfu\u0308hrung vorvertraglicher Ma\u00dfnahmen erforderlich. Ohne diese Daten k\u00f6nnen wir den Vertrag mit Ihnen nicht abschlie\u00dfen. Eine Datenu\u0308bermittlung an Dritte erfolgt nicht, mit Ausnahme der \u00dcbermittlung der Kreditkartendaten an die abwickelnden Bankinstitute\/Zahlungsdienstleister zum Zwecke der Abbuchung des Einkaufspreises, an das von uns beauftragte Transportunternehmen\/Versandunternehmen zur Zustellung der Ware sowie an unseren Steuerberater zur Erfu\u0308llung unserer steuerrechtlichen Verpflichtungen. Nach Abbruch des Einkaufsvorganges werden die bei uns gespeicherten Daten gel\u00f6scht. Im Falle eines Vertragsabschlusses werden s\u00e4mtliche Daten aus dem Vertragsverh\u00e4ltnis bis zum Ablauf der steuerrechtlichen Aufbewahrungsfrist (7 Jahre) gespeichert. Die Daten Name, Anschrift, gebuchte Leistungen und Kaufdatum werden daru\u0308ber hinaus gehend bis zum Ablauf der Produkthaftung (10 Jahre) gespeichert. Die Datenverarbeitung erfolgt auf Basis der gesetzlichen Bestimmungen des \u00a7 96 Abs 3 TKG sowie des Art 6 Abs 1 lit a (Einwilligung) und\/oder lit b (notwendig zur Vertragserfu\u0308llung) der DSGVO.<\/p>\r\n<p class=\"paragraph_style_1\"><strong>Cookies<\/strong><\/p>\r\n<p class=\"paragraph_style_1\">Unsere Website verwendet so genannte Cookies. Dabei handelt es sich um kleine Textdateien, die mit Hilfe des Browsers auf Ihrem Endger\u00e4t abgelegt werden. Sie richten keinen Schaden an. Wir nutzen Cookies dazu, unser Angebot nutzerfreundlich zu gestalten. Einige Cookies bleiben auf Ihrem Endger\u00e4t gespeichert, bis Sie diese l\u00f6schen. Sie erm\u00f6glichen es uns, Ihren Browser beim n\u00e4chsten Besuch wiederzuerkennen. Wenn Sie dies nicht wu\u0308nschen, so k\u00f6nnen Sie Ihren Browser so einrichten, dass er Sie u\u0308ber das Setzen von Cookies informiert und Sie dies nur im Einzelfall erlauben. Bei der Deaktivierung von Cookies kann die Funktionalit\u00e4t unserer Website eingeschr\u00e4nkt sein.<\/p>\r\n<p class=\"paragraph_style_1\"><strong>Protokollierung<\/strong><\/p>\r\n<p class=\"paragraph_style_1\">Der Provider der Seiten erhebt und speichert automatisch Informationen in so genannten Server-Log Files (Protokoldateien), die Ihr Browser automatisch an uns \u00fcbermittelt. Der Web-Server f\u00fcr die Homepage www.transfer-airport.at wird durch das Rechenzentrum von xweb.at betrieben. Je nach verwendetem Zugriffsprotokoll beinhalten die Protokolldateien auf dem Webserver folgende Daten: \u2013 IP-Adresse des anfordernden Rechners \u2013 Datum und Uhrzeit der Anforderung \u2013 vom anfordernden Rechner gew\u00fcnschte Zugriffsmethode\/Funktion \u2013 vom anfordernden Rechner \u00fcbermittelte Eingabewerte (Dateiname, \u2026) \u2013 Zugriffsstatus des Web-Servers (Datei \u00fcbertragen, Datei nicht gefunden, Kommando nicht ausgef\u00fchrt, etc.) \u2013 Name der angeforderten Datei Die gespeicherten Daten werden zu Zwecken der Identifikation und Nachverfolgung unzul\u00e4ssiger Zugriffsversuche und Zugriffe auf den Web-Server verwendet. Die protokollierten Daten werden im Anschluss an die statistische Auswertung gel\u00f6scht.<\/p>\r\n<p class=\"paragraph_style_1\"><strong>Web-Analyse<\/strong><br \/>Unsere Website verwendet Funktionen des Webanalysedienstes Yandex Metrika, Yandex Europe AG, a Swiss company, Firmensitz: Werftestrasse 4, 6005 Luzern, Switzerland. Die Beziehung zum Webanalyseanbieter basiert auf Standardvertragsklauseln\/einem Angemessenheitsbeschluss der Europ\u00e4ischen Komission. Die Datenverarbeitung erfolgt auf Basis der gesetzlichen Bestimmungen des \u00a7 96 Abs 3 TKG sowie des Art 6 Abs 1 lit a (Einwilligung) und\/oder f (berechtigtes Interesse) der DSGVO. Unser Anliegen im Sinne der DSGVO (berechtigtes Interesse) ist die Verbesserung unseres Angebotes und unseres Webauftritts. Da uns die Privatsph\u00e4re unserer Nutzer wichtig ist, werden die Nutzerdaten pseudonymisiert. Die Nutzerdaten werden fu\u0308r die Dauer von 12 Monaten aufbewahrt.<\/p>\r\n<p class=\"paragraph_style_1\"><strong>Ihre Rechte<\/strong><\/p>\r\n<p class=\"paragraph_style_1\">Ihnen stehen grunds\u00e4tzlich die Rechte auf Auskunft, Berichtigung, L\u00f6schung, Einschr\u00e4nkung, Datenu\u0308bertragbarkeit, Widerruf und Widerspruch zu. Wenn Sie glauben, dass die Verarbeitung Ihrer Daten gegen das Datenschutzrecht verst\u00f6\u00dft oder Ihre datenschutzrechtlichen Anspru\u0308che sonst in einer Weise verletzt worden sind, k\u00f6nnen Sie sich bei der Aufsichtsbeh\u00f6rde beschweren. In \u00d6sterreich ist dies die Datenschutzbeh\u00f6rde. Sie erreichen uns unter folgenden Kontaktdaten:<\/p>\r\n<p class=\"paragraph_style_1\"><\/p>\r\n\r\n<p>&nbsp;<\/p>\r\n\r\n<p>&nbsp;<\/p>\r\n<p>[\/vc_column_text][\/vc_column][\/vc_row]<\/p><\/div>","protected":false},"excerpt":{"rendered":"<p>[vc_row][vc_column][vc_column_text] Datenschutzerkl\u00e4rung Der Schutz Ihrer pers\u00f6nlichen Daten ist uns ein besonderes Anliegen. Wir verarbeiten Ihre Daten daher ausschlie\u00dflich auf Grundlage der gesetzlichen Bestimmungen (DSGVO, TKG 2003). In diesen Datenschutzinformationen informieren wir Sie u\u0308ber die wichtigsten Aspekte der Datenverarbeitung im Rahmen unserer Website. Kontakt mit uns Wenn Sie per Formular auf der Website oder per E-Mail [&hellip;]<\/p>\n","protected":false},"author":3,"featured_media":0,"parent":0,"menu_order":0,"comment_status":"closed","ping_status":"closed","template":"","meta":{"footnotes":""},"class_list":["post-7712","page","type-page","status-publish","hentry"],"_links":{"self":[{"href":"https:\/\/viennaexcursion.at\/ua\/wp-json\/wp\/v2\/pages\/7712","targetHints":{"allow":["GET"]}}],"collection":[{"href":"https:\/\/viennaexcursion.at\/ua\/wp-json\/wp\/v2\/pages"}],"about":[{"href":"https:\/\/viennaexcursion.at\/ua\/wp-json\/wp\/v2\/types\/page"}],"author":[{"embeddable":true,"href":"https:\/\/viennaexcursion.at\/ua\/wp-json\/wp\/v2\/users\/3"}],"replies":[{"embeddable":true,"href":"https:\/\/viennaexcursion.at\/ua\/wp-json\/wp\/v2\/comments?post=7712"}],"version-history":[{"count":13,"href":"https:\/\/viennaexcursion.at\/ua\/wp-json\/wp\/v2\/pages\/7712\/revisions"}],"predecessor-version":[{"id":7989,"href":"https:\/\/viennaexcursion.at\/ua\/wp-json\/wp\/v2\/pages\/7712\/revisions\/7989"}],"wp:attachment":[{"href":"https:\/\/viennaexcursion.at\/ua\/wp-json\/wp\/v2\/media?parent=7712"}],"curies":[{"name":"wp","href":"https:\/\/api.w.org\/{rel}","templated":true}]}}